{"id":18,"date":"2015-09-25T12:11:52","date_gmt":"2015-09-25T10:11:52","guid":{"rendered":"https:\/\/moto-essence.com\/?page_id=18"},"modified":"2018-01-16T16:59:48","modified_gmt":"2018-01-16T15:59:48","slug":"umbauten","status":"publish","type":"page","link":"https:\/\/moto-essence.com\/en\/umbauten\/","title":{"rendered":"Customizing"},"content":{"rendered":"<p>[vc_row][vc_column][vc_carousel_father arrow=&#8221;true&#8221; dotclr=&#8221;#000000&#8243; arrowclr=&#8221;#000000&#8243;][vc_carousel_son image_id=&#8221;992&#8243; img_height=&#8221;500px&#8221;]<\/p>\n<p style=\"text-align: center;\">Faucon<\/p>\n<p>[\/vc_carousel_son][vc_carousel_son image_id=&#8221;995&#8243; img_height=&#8221;500px&#8221;]<\/p>\n<p style=\"text-align: center;\">Sepia<\/p>\n<p>[\/vc_carousel_son][vc_carousel_son image_id=&#8221;994&#8243; img_height=&#8221;500px&#8221;]<\/p>\n<p style=\"text-align: center;\">Vachette<\/p>\n<p>[\/vc_carousel_son][vc_carousel_son image_id=&#8221;993&#8243; img_height=&#8221;500px&#8221;]<\/p>\n<p style=\"text-align: center;\">Limace<\/p>\n<p>[\/vc_carousel_son][vc_carousel_son image_id=&#8221;991&#8243; img_height=&#8221;500px&#8221;]<\/p>\n<p style=\"text-align: center;\">Vachette<\/p>\n<p>[\/vc_carousel_son][vc_carousel_son image_id=&#8221;996&#8243; img_height=&#8221;500px&#8221;]<\/p>\n<p style=\"text-align: center;\">Sepia<\/p>\n<p>[\/vc_carousel_son][\/vc_carousel_father][\/vc_column][\/vc_row][vc_row][vc_column][vc_row_inner][vc_column_inner][vc_column_text]<!--\/\/ meta slider--><\/p>\n<blockquote><p>\u201eMit vier R\u00e4dern bewegst du deinen K\u00f6rper, mit zwei R\u00e4dern deine Seele.\u201c<\/p><\/blockquote>\n<p style=\"text-align: center;\">(Dominik Hermes, Moto Essence)<\/p>\n<h3 class=\"widget-title\">Rahmen Vierventilboxer<\/h3>\n<p><img loading=\"lazy\" class=\"so-widget-image\" title=\"Rahmen Vierventilboxer\" src=\"https:\/\/moto-essence.com\/wp-content\/uploads\/2017\/07\/V4_3.jpg\" srcset=\"https:\/\/moto-essence.com\/wp-content\/uploads\/2017\/07\/V4_3.jpg 4491w, https:\/\/moto-essence.com\/wp-content\/uploads\/2017\/07\/V4_3-632x394.jpg 632w, https:\/\/moto-essence.com\/wp-content\/uploads\/2017\/07\/V4_3-768x479.jpg 768w, https:\/\/moto-essence.com\/wp-content\/uploads\/2017\/07\/V4_3-1020x636.jpg 1020w\" width=\"4491\" height=\"2799\" \/><\/p>\n<h3 class=\"widget-title\">Rahmen Vierventilboxer<\/h3>\n<p>Basis BMW R1100 oder R1150<\/p>\n<p>Front- und Heckrahmen hochfestes Chrom-Molybd\u00e4n-Gitterrohr zur Verwendung mit USD- oder RSU- Telegabel, T\u00dcV in Vorbereitung[\/vc_column_text][\/vc_column_inner][\/vc_row_inner][\/vc_column][\/vc_row][vc_row][vc_column][vc_column_text]<\/p>\n<h3>Gallery Rahmen Vierventil-Boxer<\/h3>\n<p>[\/vc_column_text][vc_media_grid element_width=&#8221;3&#8243; grid_id=&#8221;vc_gid:1516115280433-2ba48d74-2cb0-6&#8243; include=&#8221;880,999,1001,1002&#8243;][\/vc_column][\/vc_row][vc_row][vc_column][vc_column_text]<\/p>\n<h3 class=\"widget-title\">The Seven<\/h3>\n<p><img loading=\"lazy\" class=\"so-widget-image\" title=\"The Seven\" src=\"https:\/\/moto-essence.com\/wp-content\/uploads\/2015\/09\/2H3K7711.jpeg\" srcset=\"https:\/\/moto-essence.com\/wp-content\/uploads\/2015\/09\/2H3K7711.jpeg 1000w, https:\/\/moto-essence.com\/wp-content\/uploads\/2015\/09\/2H3K7711-632x422.jpeg 632w, https:\/\/moto-essence.com\/wp-content\/uploads\/2015\/09\/2H3K7711-768x512.jpeg 768w, https:\/\/moto-essence.com\/wp-content\/uploads\/2015\/09\/2H3K7711-272x182.jpeg 272w\" width=\"1000\" height=\"667\" \/><\/p>\n<h3 class=\"widget-title\">The Seven<\/h3>\n<p>Basis Suzuki DR800, Baujahr 1995<\/p>\n<p>Kr\u00fcmmer &amp; Auspuff GPR, Dekompression umgestellt auf manuell, Griffheizung, Reifen Continental TKC80, Lenker Renthal, Fender Acerbis, Rest Eigenbau.<\/p>\n<p>50PS \/ 178kg[\/vc_column_text][\/vc_column][\/vc_row][vc_row][vc_column][vc_column_text]<\/p>\n<h3>Gallery The Seven<\/h3>\n<p>[\/vc_column_text][vc_media_grid element_width=&#8221;3&#8243; grid_id=&#8221;vc_gid:1516115280436-f4c5ee5c-aeb2-8&#8243; include=&#8221;1005,1012,1016,1017,1011,1018,1004,1007,1008,1009,1010,1006,1013,1014,1015&#8243;][\/vc_column][\/vc_row][vc_row][vc_column][vc_column_text]<\/p>\n<h3 class=\"widget-title\">Faucon<\/h3>\n<p><img class=\"so-widget-image\" title=\"Faucon\" src=\"https:\/\/moto-essence.com\/wp-content\/uploads\/2017\/01\/Faucon_li_hinten.jpeg\" srcset=\"\" \/><\/p>\n<h3 class=\"widget-title\">Faucon<\/h3>\n<p>Komplettaufbau f\u00fcr Rennzwecke &#8211; erster Einsatz: Glemseck101 (Essenza), Sieg beim Sprint of Nations in Montlh\u00e9ry 2017<\/p>\n<p>Rahmen Chrom-Mobybd\u00e4n-Stahl von Parenti, ehem. GP, R\u00e4der aus Magnesiumlegierung, ehem. GP (jeweils ca. 1975), Rumpfmotor Yamaha RD350 YPVS (31K), Prim\u00e4rtrieb geradverzahnt, Rennkupplung Hinson, Zylinder CPI, Zylinderkopf und Brennraumkalotten Coolhead, \u00dcberstr\u00f6mer von Hand bearbeitet, Auspuff selbst berechnet und gemeinsam mit Hattech gebaut, Vergaser 38mm Keihin Air Striker. Maske, Tank und Sitzbank von Hand gefertigt<\/p>\n<p>90PS \/ 100kg[\/vc_column_text][\/vc_column][\/vc_row][vc_row][vc_column][vc_column_text]<\/p>\n<h3>Gallery Faucon<\/h3>\n<p>[\/vc_column_text][vc_media_grid element_width=&#8221;3&#8243; grid_id=&#8221;vc_gid:1516115280440-735dc803-5937-0&#8243; include=&#8221;1021,1022,1023,1024,1026,1027,1028,1029,1030,1031,1032,1033&#8243;][\/vc_column][\/vc_row][vc_row][vc_column][vc_column_text]<\/p>\n<h3 class=\"widget-title\">Cl\u00e9bard<\/h3>\n<p><img class=\"so-widget-image\" title=\"Cl\u00e9bard\" src=\"https:\/\/moto-essence.com\/wp-content\/uploads\/IMG_9631_rev.jpg\" srcset=\"\" \/><\/p>\n<h3 class=\"widget-title\">Cl\u00e9bard<\/h3>\n<p>Umbau (Original: CB750 K7, Baujahr 1978), von Hand gefertigt sind u. a. Rahmenheck, Speichenr\u00e4der vorn 2,5&#215;18\u201c \/ hinten 3,0&#215;18\u201c, Auspuffanlage VA (Hattech), Sitzbank, Seitendeckel (Stahl, br\u00fcniert), Fender u. v. m<em><u>.<\/u><\/em>[\/vc_column_text][\/vc_column][\/vc_row][vc_row][vc_column][vc_column_text]<\/p>\n<h3>Gallery Cl\u00e9bard<\/h3>\n<p>[\/vc_column_text][vc_media_grid element_width=&#8221;3&#8243; grid_id=&#8221;vc_gid:1516115280444-1d1ebc44-d300-1&#8243; include=&#8221;1035,1036,1037,1038,1039,1040,1041,1042,1043,1044,1045,1046&#8243;][\/vc_column][\/vc_row][vc_row][vc_column][vc_column_text]<\/p>\n<h3 class=\"widget-title\">Vachette<\/h3>\n<p><img loading=\"lazy\" class=\"so-widget-image\" title=\"Vachette\" src=\"https:\/\/moto-essence.com\/wp-content\/uploads\/2015\/09\/Moto-Essence-BMW-Scrambler-4134.jpg\" srcset=\"https:\/\/moto-essence.com\/wp-content\/uploads\/2015\/09\/Moto-Essence-BMW-Scrambler-4134.jpg 7288w, https:\/\/moto-essence.com\/wp-content\/uploads\/2015\/09\/Moto-Essence-BMW-Scrambler-4134-632x422.jpg 632w, https:\/\/moto-essence.com\/wp-content\/uploads\/2015\/09\/Moto-Essence-BMW-Scrambler-4134-768x512.jpg 768w, https:\/\/moto-essence.com\/wp-content\/uploads\/2015\/09\/Moto-Essence-BMW-Scrambler-4134-1020x680.jpg 1020w, https:\/\/moto-essence.com\/wp-content\/uploads\/2015\/09\/Moto-Essence-BMW-Scrambler-4134-272x182.jpg 272w\" width=\"7288\" height=\"4861\" \/><\/p>\n<h3 class=\"widget-title\">Vachette<\/h3>\n<p>Umbau (Original: BMW R80 GS, Baujahr 1992), von Hand gefertigt sind u. a. Rahmenheck, Speichenr\u00e4der vorn 3,0&#215;19\u201c \/ hinten 3,5&#215;17\u201c, Auspuffanlage VA (Hattech), Sitzbank, Fender u. v. m<em><u>.<\/u><\/em><\/p>\n<p>65PS \/ 186kg[\/vc_column_text][\/vc_column][\/vc_row][vc_row][vc_column][vc_column_text]<\/p>\n<h3>Gallery Vachette<\/h3>\n<p>[\/vc_column_text][vc_media_grid element_width=&#8221;3&#8243; grid_id=&#8221;vc_gid:1516115280446-b9d432b8-9179-0&#8243; include=&#8221;1047,1048,1049,1050,1051,1052,1053,1054,1055,1056,1057,1058&#8243;][\/vc_column][\/vc_row][vc_row][vc_column][vc_column_text]<\/p>\n<h3 class=\"widget-title\">Fran\u00e7oise<\/h3>\n<p><img class=\"so-widget-image\" title=\"Fran\u00e7oise\" src=\"https:\/\/moto-essence.com\/wp-content\/uploads\/2015\/09\/IMG_9520.jpeg\" srcset=\"\" \/><\/p>\n<h3 class=\"widget-title\">Fran\u00e7oise<\/h3>\n<p>Umbau (Original: Honda CB200, Baujahr 1978), Tank und Seitendeckel br\u00fcniert; von Hand gefertigt sind u. a. Rahmenheck, Speichenr\u00e4der vorn 2,15&#215;18\u201c \/ hinten 2,5&#215;18\u201c, Sitzbank, Fender u. v. m<em><u>.<\/u><\/em>[\/vc_column_text][\/vc_column][\/vc_row][vc_row][vc_column][vc_column_text]<\/p>\n<h3>Gallery Fran\u00e7oise<\/h3>\n<p>[\/vc_column_text][vc_media_grid element_width=&#8221;3&#8243; grid_id=&#8221;vc_gid:1516115280448-40316633-8f52-0&#8243; include=&#8221;1060,1061,1062,1063,1064,1065,1066,1067,1068,1069,1070,1071&#8243;][\/vc_column][\/vc_row][vc_row][vc_column][vc_column_text]<\/p>\n<h3 class=\"widget-title\">Sepia<\/h3>\n<p><img loading=\"lazy\" class=\"so-widget-image\" title=\"Sepia\" src=\"https:\/\/moto-essence.com\/wp-content\/uploads\/2016\/02\/XJ900_Totale.jpg\" srcset=\"https:\/\/moto-essence.com\/wp-content\/uploads\/2016\/02\/XJ900_Totale.jpg 2000w, https:\/\/moto-essence.com\/wp-content\/uploads\/2016\/02\/XJ900_Totale-632x311.jpg 632w, https:\/\/moto-essence.com\/wp-content\/uploads\/2016\/02\/XJ900_Totale-768x377.jpg 768w, https:\/\/moto-essence.com\/wp-content\/uploads\/2016\/02\/XJ900_Totale-1020x501.jpg 1020w\" width=\"2000\" height=\"983\" \/>[\/vc_column_text][\/vc_column][\/vc_row][vc_row][vc_column][vc_column_text]<\/p>\n<h3>Gallery Sepia<\/h3>\n<p>[\/vc_column_text][vc_media_grid element_width=&#8221;3&#8243; grid_id=&#8221;vc_gid:1516115280450-22158b36-a240-2&#8243; include=&#8221;1072,1073,1074,1075,1076,1077,1078,1079,1080,1081,1082,1083&#8243;][\/vc_column][\/vc_row][vc_row][vc_column][vc_column_text]<\/p>\n<h3 class=\"widget-title\">Limace<\/h3>\n<p><img loading=\"lazy\" class=\"so-widget-image\" title=\"Limace\" src=\"https:\/\/moto-essence.com\/wp-content\/uploads\/2015\/11\/Honda_CB550_Umbau.jpg\" srcset=\"https:\/\/moto-essence.com\/wp-content\/uploads\/2015\/11\/Honda_CB550_Umbau.jpg 1024w, https:\/\/moto-essence.com\/wp-content\/uploads\/2015\/11\/Honda_CB550_Umbau-632x235.jpg 632w, https:\/\/moto-essence.com\/wp-content\/uploads\/2015\/11\/Honda_CB550_Umbau-1020x380.jpg 1020w\" width=\"1024\" height=\"380\" \/><\/p>\n<h3 class=\"widget-title\">Limace<\/h3>\n<p>Umbau (Original: Honda CX500, Baujahr 1983), von Hand gefertigt sind u. a. Rahmenheck, Speichenr\u00e4der vorn 2,5&#215;18\u201c \/ hinten 3,5&#215;18\u201c, Auspuffanlage VA, Sitzbank u. v. m<em><u>.<\/u><\/em>[\/vc_column_text][\/vc_column][\/vc_row][vc_row][vc_column][vc_column_text]<\/p>\n<h3>Gallery Limace<\/h3>\n<p>[\/vc_column_text][vc_media_grid element_width=&#8221;3&#8243; grid_id=&#8221;vc_gid:1516115280452-96039b1e-fa0c-3&#8243; include=&#8221;1085,1086,1087,1088,1089,1090,1091,1092,1093,1094,1095,1096&#8243;][\/vc_column][\/vc_row][vc_row][vc_column][vc_column_text]Restoring old cars and motorcycles belongs to Moto Essence\u2019s strongest roots as vintage customizer \u2013 for Havana due to passion, for Dominik due to profession. But next to the restoration of original vintage bikes we always wanted to work creatively and refine mass-production motorcycles to individual and distinctive single pieces. And we are doing that for more than 25 years now. Several hundred thousands miles on trial, dirt and MX bikes, supermotos, oldtimers and sports bikes later we decided to proof our knowledge and skills in public. No matter if caf\u00e9 racer, flat tracker, roadster, scrambler, bobber or wild cross-over creations \u2013 we want to realize it. And we got many more ideas than we can build in one life&#8230;<\/p>\n<p>Pending projects can be viewed in <a href=\"https:\/\/moto-essence.com\/?page_id=26\">our blog<\/a>.[\/vc_column_text][\/vc_column][\/vc_row]<\/p>","protected":false},"excerpt":{"rendered":"<p>[vc_row][vc_column][vc_carousel_father arrow=&#8221;true&#8221; dotclr=&#8221;#000000&#8243; arrowclr=&#8221;#000000&#8243;][vc_carousel_son image_id=&#8221;992&#8243; img_height=&#8221;500px&#8221;] Faucon [\/vc_carousel_son][vc_carousel_son image_id=&#8221;995&#8243; img_height=&#8221;500px&#8221;] Sepia [\/vc_carousel_son][vc_carousel_son image_id=&#8221;994&#8243; img_height=&#8221;500px&#8221;] Vachette [\/vc_carousel_son][vc_carousel_son image_id=&#8221;993&#8243; img_height=&#8221;500px&#8221;] Limace [\/vc_carousel_son][vc_carousel_son image_id=&#8221;991&#8243; img_height=&#8221;500px&#8221;] Vachette [\/vc_carousel_son][vc_carousel_son image_id=&#8221;996&#8243; img_height=&#8221;500px&#8221;] Sepia [\/vc_carousel_son][\/vc_carousel_father][\/vc_column][\/vc_row][vc_row][vc_column][vc_row_inner][vc_column_inner][vc_column_text] \u201eMit vier R\u00e4dern bewegst du deinen K\u00f6rper, mit zwei R\u00e4dern deine Seele.\u201c (Dominik Hermes, Moto Essence) Rahmen Vierventilboxer Rahmen Vierventilboxer Basis BMW R1100 oder R1150 Front- und &#8230; <br \/><a class=\"readmore\" href=\"https:\/\/moto-essence.com\/en\/umbauten\/\"> Read more <span class=\"ycwp-arrow-right\"><\/span><\/a><\/p>\n","protected":false},"author":1,"featured_media":0,"parent":0,"menu_order":0,"comment_status":"closed","ping_status":"closed","template":"page-template\/_fullwidth.php","meta":[],"_links":{"self":[{"href":"https:\/\/moto-essence.com\/en\/wp-json\/wp\/v2\/pages\/18"}],"collection":[{"href":"https:\/\/moto-essence.com\/en\/wp-json\/wp\/v2\/pages"}],"about":[{"href":"https:\/\/moto-essence.com\/en\/wp-json\/wp\/v2\/types\/page"}],"author":[{"embeddable":true,"href":"https:\/\/moto-essence.com\/en\/wp-json\/wp\/v2\/users\/1"}],"replies":[{"embeddable":true,"href":"https:\/\/moto-essence.com\/en\/wp-json\/wp\/v2\/comments?post=18"}],"version-history":[{"count":69,"href":"https:\/\/moto-essence.com\/en\/wp-json\/wp\/v2\/pages\/18\/revisions"}],"predecessor-version":[{"id":1125,"href":"https:\/\/moto-essence.com\/en\/wp-json\/wp\/v2\/pages\/18\/revisions\/1125"}],"wp:attachment":[{"href":"https:\/\/moto-essence.com\/en\/wp-json\/wp\/v2\/media?parent=18"}],"curies":[{"name":"wp","href":"https:\/\/api.w.org\/{rel}","templated":true}]}}