{"id":14,"date":"2015-09-25T12:10:50","date_gmt":"2015-09-25T10:10:50","guid":{"rendered":"https:\/\/moto-essence.com\/?page_id=14"},"modified":"2018-05-07T15:08:16","modified_gmt":"2018-05-07T13:08:16","slug":"restaurierung","status":"publish","type":"page","link":"https:\/\/moto-essence.com\/en\/restaurierung\/","title":{"rendered":"Restoration"},"content":{"rendered":"<p>[vc_row][vc_column][vc_carousel_father arrow=&#8221;true&#8221; dotclr=&#8221;#000000&#8243; arrowclr=&#8221;#000000&#8243;][vc_carousel_son image_id=&#8221;919&#8243;]<\/p>\n<p style=\"text-align: center;\">Sarolea 24u, 1929, Zustand 5 \/ BMW R100\/7, 1978, Zustand 1-<\/p>\n<p>[\/vc_carousel_son][vc_carousel_son image_id=&#8221;563&#8243; img_height=&#8221;500px&#8221;]<\/p>\n<p style=\"text-align: center;\">MV Agusta 150 Sport, Baujahr 1965, komplett restauriert<\/p>\n<p>[\/vc_carousel_son][vc_carousel_son image_id=&#8221;918&#8243;]<\/p>\n<p style=\"text-align: center;\">Motor BMW R60\/5<\/p>\n<p>[\/vc_carousel_son][vc_carousel_son image_id=&#8221;966&#8243;]<\/p>\n<p style=\"text-align: center;\">Honda CB 500, Baujahr 1971, konservatorisch restauriert<\/p>\n<p>[\/vc_carousel_son][vc_carousel_son image_id=&#8221;968&#8243;]<\/p>\n<p style=\"text-align: center;\">Vergaserbatterie, Honda CB750, Baujahr 1974<\/p>\n<p>[\/vc_carousel_son][vc_carousel_son image_id=&#8221;967&#8243;]<\/p>\n<p style=\"text-align: center;\">Z\u00fcndapp DB200, Baujahr 1937, konservatorisch restauriert<\/p>\n<p>[\/vc_carousel_son][\/vc_carousel_father][\/vc_column][\/vc_row][vc_row][vc_column][vc_column_text]<!--\/\/ meta slider--><\/p>\n<blockquote><p>\u201eDer Buddha, die Gottheit, wohnt in den Schaltungen eines Digitalrechners oder den Zahnr\u00e4dern eines Motorradegetriebes genauso bequem wie auf einem Berggipfel oder im Kelch einer Bl\u00fcte. Wer das nicht wahrhaben will, erniedrigt den Buddha \u2013 und damit sich selbst.\u201c<\/p><\/blockquote>\n<p style=\"text-align: center;\">(Robert M. Pirsig, ZEN und die Kunst ein Motorrad zu warten)<\/p>\n<p style=\"text-align: center;\"><img loading=\"lazy\" class=\"so-widget-image\" src=\"https:\/\/moto-essence.com\/wp-content\/uploads\/2015\/09\/BMW_vorher_nachher.png\" srcset=\"https:\/\/moto-essence.com\/wp-content\/uploads\/2015\/09\/BMW_vorher_nachher.png 1024w, https:\/\/moto-essence.com\/wp-content\/uploads\/2015\/09\/BMW_vorher_nachher-632x237.png 632w, https:\/\/moto-essence.com\/wp-content\/uploads\/2015\/09\/BMW_vorher_nachher-768x288.png 768w, https:\/\/moto-essence.com\/wp-content\/uploads\/2015\/09\/BMW_vorher_nachher-1020x384.png 1020w\" width=\"1024\" height=\"384\" \/><\/p>\n<p><strong>BMW R100\/7, Baujahr 1978<br \/>\n<\/strong>Kellerfund, 6400km, stillgelegt seit 1985, konservatorische Restaurierung, Zustand lt. Gutachten 1-<\/p>\n<p>&nbsp;<\/p>\n<p>&nbsp;<\/p>\n<p><img loading=\"lazy\" class=\"so-widget-image\" src=\"https:\/\/moto-essence.com\/wp-content\/uploads\/2015\/09\/Sarolea_1024x500.jpg\" srcset=\"https:\/\/moto-essence.com\/wp-content\/uploads\/2015\/09\/Sarolea_1024x500.jpg 1023w, https:\/\/moto-essence.com\/wp-content\/uploads\/2015\/09\/Sarolea_1024x500-632x309.jpg 632w, https:\/\/moto-essence.com\/wp-content\/uploads\/2015\/09\/Sarolea_1024x500-768x375.jpg 768w, https:\/\/moto-essence.com\/wp-content\/uploads\/2015\/09\/Sarolea_1024x500-1020x499.jpg 1020w\" width=\"1023\" height=\"500\" \/><\/p>\n<p><strong>Sarol\u00e9a 500 Supersport 24u, Baujahr 1929<br \/>\n<\/strong>seit ca. 50 Jahren au\u00dfer Betrieb, laufende Restaurierung<\/p>\n<p>&nbsp;<\/p>\n<p>&nbsp;<\/p>\n<p><img class=\"so-widget-image\" src=\"https:\/\/moto-essence.com\/wp-content\/uploads\/2016\/12\/BMW_Motor_vorher-nachher.jpg\" srcset=\"\" \/><\/p>\n<p><strong>BMW Motoren &amp; Getriebe<br \/>\n<\/strong>Wartung und Instandsetzung von BMW Motoren und Getrieben, au\u00dferdem Leistungssteigerung und Oberfl\u00e4chen-Finish nach Kundenwunsch<\/p>\n<p>&nbsp;<\/p>\n<p>&nbsp;<\/p>\n<p><img loading=\"lazy\" class=\"so-widget-image\" src=\"https:\/\/moto-essence.com\/wp-content\/uploads\/2016\/02\/MV_Agusta.jpg\" srcset=\"https:\/\/moto-essence.com\/wp-content\/uploads\/2016\/02\/MV_Agusta.jpg 3875w, https:\/\/moto-essence.com\/wp-content\/uploads\/2016\/02\/MV_Agusta-632x320.jpg 632w, https:\/\/moto-essence.com\/wp-content\/uploads\/2016\/02\/MV_Agusta-768x388.jpg 768w\" width=\"3875\" height=\"1960\" \/><\/p>\n<p><strong>MV Agusta 150 Sport, Baujahr 1965<br \/>\n<\/strong>Komplettrestaurierung<\/p>\n<p>&nbsp;<\/p>\n<p>&nbsp;<\/p>\n<p><img loading=\"lazy\" class=\"so-widget-image\" src=\"https:\/\/moto-essence.com\/wp-content\/uploads\/2015\/11\/Zuendapp.jpg\" srcset=\"https:\/\/moto-essence.com\/wp-content\/uploads\/2015\/11\/Zuendapp.jpg 1024w, https:\/\/moto-essence.com\/wp-content\/uploads\/2015\/11\/Zuendapp-632x235.jpg 632w, https:\/\/moto-essence.com\/wp-content\/uploads\/2015\/11\/Zuendapp-1020x380.jpg 1020w\" width=\"1024\" height=\"380\" \/><\/p>\n<p><strong>Z\u00fcndapp DB200, Baujahr 1937<br \/>\n<\/strong>Technische \u00dcberholung und konservatorische Restaurierung<\/p>\n<p>&nbsp;<\/p>\n<p>&nbsp;<\/p>\n<p><img class=\"so-widget-image\" src=\"https:\/\/moto-essence.com\/wp-content\/uploads\/2015\/09\/HP_lowres.jpg\" srcset=\"\" \/><\/p>\n<p><strong>Honda CB 500, Baujahr 1971<br \/>\n<\/strong>Erstlack, Originalzustand au\u00dfer Hochlenker, technische \u00dcberholung und konservatorische Restaurierung<\/p>\n<p>&nbsp;<\/p>\n<p>&nbsp;<\/p>\n<p><img loading=\"lazy\" class=\"so-widget-image\" src=\"https:\/\/moto-essence.com\/wp-content\/uploads\/2015\/11\/Vespa.jpg\" srcset=\"https:\/\/moto-essence.com\/wp-content\/uploads\/2015\/11\/Vespa.jpg 1024w, https:\/\/moto-essence.com\/wp-content\/uploads\/2015\/11\/Vespa-632x235.jpg 632w, https:\/\/moto-essence.com\/wp-content\/uploads\/2015\/11\/Vespa-1020x380.jpg 1020w\" width=\"1024\" height=\"380\" \/><\/p>\n<p><strong>Piaggio Vespa PX200, erste Serie, Baujahr 1982, <\/strong>in Teilen vorhanden, Komplettrestaurierung<\/p>\n<p>&nbsp;<\/p>\n<p>&nbsp;<\/p>\n<p><img loading=\"lazy\" class=\"so-widget-image\" src=\"https:\/\/moto-essence.com\/wp-content\/uploads\/2015\/11\/Honda_CB550.jpg\" srcset=\"https:\/\/moto-essence.com\/wp-content\/uploads\/2015\/11\/Honda_CB550.jpg 1024w, https:\/\/moto-essence.com\/wp-content\/uploads\/2015\/11\/Honda_CB550-632x235.jpg 632w, https:\/\/moto-essence.com\/wp-content\/uploads\/2015\/11\/Honda_CB550-1020x380.jpg 1020w\" width=\"1024\" height=\"380\" \/><\/p>\n<p><strong>Honda CB 550 F1, Baujahr 1976<br \/>\n<\/strong>Erstlack, Original mit zeitgen\u00f6ssischem Zubeh\u00f6r-Schalld\u00e4mpfer, Scheunenfund, technische \u00dcberholung und konservatorische Restaurierung<\/p>\n<p>&nbsp;<\/p>\n<p>&nbsp;<\/p>\n<p><img loading=\"lazy\" class=\"so-widget-image\" src=\"https:\/\/moto-essence.com\/wp-content\/uploads\/2015\/11\/Triumph.jpg\" srcset=\"https:\/\/moto-essence.com\/wp-content\/uploads\/2015\/11\/Triumph.jpg 1024w, https:\/\/moto-essence.com\/wp-content\/uploads\/2015\/11\/Triumph-632x235.jpg 632w, https:\/\/moto-essence.com\/wp-content\/uploads\/2015\/11\/Triumph-1020x380.jpg 1020w\" width=\"1024\" height=\"380\" \/><\/p>\n<p><strong>Triumph Speed Triple T300B, Baujahr 1994<br \/>\n<\/strong>Originalzustand au\u00dfer Lenker, Scheunenfund, Komplettrestaurierung mit kleinen Umbauten<\/p>\n<p>&nbsp;<\/p>\n<p>&nbsp;<\/p>\n<p><img loading=\"lazy\" class=\"so-widget-image\" src=\"https:\/\/moto-essence.com\/wp-content\/uploads\/2015\/09\/IMG_7854.jpeg\" srcset=\"https:\/\/moto-essence.com\/wp-content\/uploads\/2015\/09\/IMG_7854.jpeg 640w, https:\/\/moto-essence.com\/wp-content\/uploads\/2015\/09\/IMG_7854-632x422.jpeg 632w, https:\/\/moto-essence.com\/wp-content\/uploads\/2015\/09\/IMG_7854-272x182.jpeg 272w\" width=\"640\" height=\"427\" \/><\/p>\n<p><strong>Yamaha XS 750, 1T5, erste Serie, <\/strong>Scheunenfund, konservatorische Restaurierung<\/p>\n<p>&nbsp;<\/p>\n<p>&nbsp;<\/p>\n<p><img loading=\"lazy\" class=\"so-widget-image\" src=\"https:\/\/moto-essence.com\/wp-content\/uploads\/2017\/02\/IMG_0419.jpeg\" srcset=\"https:\/\/moto-essence.com\/wp-content\/uploads\/2017\/02\/IMG_0419.jpeg 2816w, https:\/\/moto-essence.com\/wp-content\/uploads\/2017\/02\/IMG_0419-632x422.jpeg 632w, https:\/\/moto-essence.com\/wp-content\/uploads\/2017\/02\/IMG_0419-768x513.jpeg 768w, https:\/\/moto-essence.com\/wp-content\/uploads\/2017\/02\/IMG_0419-1020x681.jpeg 1020w, https:\/\/moto-essence.com\/wp-content\/uploads\/2017\/02\/IMG_0419-272x182.jpeg 272w\" width=\"2816\" height=\"1880\" \/><\/p>\n<p><strong>Honda Sevenfifty, RC42, Baujahr 1993, <\/strong>Originalzustand (au\u00dfer Auspuffanlage), konservatorische Restaurierung<\/p>\n<p>&nbsp;<\/p>\n<p>&nbsp;<\/p>\n<p>Apart from customers\u2019 bikes there are oldtimers coming to us from time to time, actually planned to be reborn customised as Caf\u00e9 Racer, Scrambler, Roadster, Flat tracker, Bobber or a wild cross-over bike. And then we don\u2019t have the heart to slaughter these. As progressive we are in customising motorcycles \u2013 the heart of Moto Essence beats just as well for restoration. Focused on conservation, researching fastidiously and cautiously \u2013 to highlight the history each vintage bike brings with it. Often rebuilding, coating and chroming is much easier. However it also means extinguishing patina, the old lady has earned seriously. That\u2019s why Moto Essence\u2019s credo is always maintaining the existing substance if possible. Pending projects can be viewed in our blog. <\/p>\n<p>Laufende Projekte finder Ihr in <a href=\"https:\/\/moto-essence.com\/?page_id=26\">unserem Blog<\/a>.[\/vc_column_text][\/vc_column][\/vc_row]<\/p>","protected":false},"excerpt":{"rendered":"<p>[vc_row][vc_column][vc_carousel_father arrow=&#8221;true&#8221; dotclr=&#8221;#000000&#8243; arrowclr=&#8221;#000000&#8243;][vc_carousel_son image_id=&#8221;919&#8243;] Sarolea 24u, 1929, Zustand 5 \/ BMW R100\/7, 1978, Zustand 1- [\/vc_carousel_son][vc_carousel_son image_id=&#8221;563&#8243; img_height=&#8221;500px&#8221;] MV Agusta 150 Sport, Baujahr 1965, komplett restauriert [\/vc_carousel_son][vc_carousel_son image_id=&#8221;918&#8243;] Motor BMW R60\/5 [\/vc_carousel_son][vc_carousel_son image_id=&#8221;966&#8243;] Honda CB 500, Baujahr 1971, konservatorisch restauriert [\/vc_carousel_son][vc_carousel_son image_id=&#8221;968&#8243;] Vergaserbatterie, Honda CB750, Baujahr 1974 [\/vc_carousel_son][vc_carousel_son image_id=&#8221;967&#8243;] Z\u00fcndapp DB200, Baujahr 1937, konservatorisch &#8230; <br \/><a class=\"readmore\" href=\"https:\/\/moto-essence.com\/en\/restaurierung\/\"> Read more <span class=\"ycwp-arrow-right\"><\/span><\/a><\/p>\n","protected":false},"author":1,"featured_media":0,"parent":0,"menu_order":0,"comment_status":"closed","ping_status":"closed","template":"page-template\/_fullwidth.php","meta":[],"_links":{"self":[{"href":"https:\/\/moto-essence.com\/en\/wp-json\/wp\/v2\/pages\/14"}],"collection":[{"href":"https:\/\/moto-essence.com\/en\/wp-json\/wp\/v2\/pages"}],"about":[{"href":"https:\/\/moto-essence.com\/en\/wp-json\/wp\/v2\/types\/page"}],"author":[{"embeddable":true,"href":"https:\/\/moto-essence.com\/en\/wp-json\/wp\/v2\/users\/1"}],"replies":[{"embeddable":true,"href":"https:\/\/moto-essence.com\/en\/wp-json\/wp\/v2\/comments?post=14"}],"version-history":[{"count":53,"href":"https:\/\/moto-essence.com\/en\/wp-json\/wp\/v2\/pages\/14\/revisions"}],"predecessor-version":[{"id":1137,"href":"https:\/\/moto-essence.com\/en\/wp-json\/wp\/v2\/pages\/14\/revisions\/1137"}],"wp:attachment":[{"href":"https:\/\/moto-essence.com\/en\/wp-json\/wp\/v2\/media?parent=14"}],"curies":[{"name":"wp","href":"https:\/\/api.w.org\/{rel}","templated":true}]}}